{"id":71,"date":"2020-01-29T19:25:06","date_gmt":"2020-01-29T19:25:06","guid":{"rendered":"https:\/\/www.etuszovesei.hu\/?page_id=71"},"modified":"2024-04-08T23:08:40","modified_gmt":"2024-04-08T23:08:40","slug":"portfolio","status":"publish","type":"page","link":"https:\/\/www.etuszovesei.hu\/en\/portfolio\/","title":{"rendered":"Portfoli\u00f3"},"content":{"rendered":"<p>[et_pb_section fb_built=&#8221;1&#8243; _builder_version=&#8221;4.16&#8243; background_color=&#8221;#000000&#8243; use_background_color_gradient=&#8221;on&#8221; background_color_gradient_direction=&#8221;107deg&#8221; background_color_gradient_stops=&#8221;#000000 29%|rgba(209,148,5,0.49) 100%&#8221; background_color_gradient_start=&#8221;#000000&#8243; background_color_gradient_start_position=&#8221;29%&#8221; background_color_gradient_end=&#8221;rgba(209,148,5,0.49)&#8221; global_colors_info=&#8221;{}&#8221;][et_pb_row _builder_version=&#8221;4.16&#8243; global_colors_info=&#8221;{}&#8221;][et_pb_column type=&#8221;4_4&#8243; _builder_version=&#8221;4.16&#8243; global_colors_info=&#8221;{}&#8221;][et_pb_text _builder_version=&#8221;4.19.4&#8243; text_font=&#8221;Poppins|500|||||||&#8221; text_text_color=&#8221;#e09900&#8243; text_font_size=&#8221;3rem&#8221; text_orientation=&#8221;center&#8221; global_colors_info=&#8221;{}&#8221;]<\/p>\n<p>Portfolio<\/p>\n<p>[\/et_pb_text][\/et_pb_column][\/et_pb_row][et_pb_row column_structure=&#8221;1_3,1_3,1_3&#8243; use_custom_gutter=&#8221;on&#8221; gutter_width=&#8221;2&#8243; make_equal=&#8221;on&#8221; _builder_version=&#8221;4.16&#8243; max_width=&#8221;80%&#8221; global_colors_info=&#8221;{}&#8221;][et_pb_column type=&#8221;1_3&#8243; _builder_version=&#8221;4.16&#8243; global_colors_info=&#8221;{}&#8221;][dsm_perspective_image src=&#8221;https:\/\/www.etuszovesei.hu\/wp-content\/uploads\/2020\/06\/K\u00e9zzel-sz\u0151tt-egyedi-s\u00e1lak-1.jpg&#8221; title_text=&#8221;K\u00e9zzel-sz\u0151tt-egyedi-s\u00e1lak-1&#8243; show_in_lightbox=&#8221;on&#8221; lightbox_close_color=&#8221;#000000&#8243; _builder_version=&#8221;4.16&#8243; width=&#8221;100%&#8221; max_width=&#8221;100%&#8221; global_colors_info=&#8221;{}&#8221;][\/dsm_perspective_image][dsm_perspective_image src=&#8221;https:\/\/www.etuszovesei.hu\/wp-content\/uploads\/2020\/06\/K\u00e9zzel-sz\u0151tt-egyedi-s\u00e1lak-2.jpg&#8221; title_text=&#8221;K\u00e9zzel-sz\u0151tt-egyedi-s\u00e1lak-2&#8243; show_in_lightbox=&#8221;on&#8221; lightbox_close_color=&#8221;#000000&#8243; _builder_version=&#8221;4.16&#8243; width=&#8221;100%&#8221; max_width=&#8221;100%&#8221; global_colors_info=&#8221;{}&#8221;][\/dsm_perspective_image][dsm_perspective_image src=&#8221;https:\/\/www.etuszovesei.hu\/wp-content\/uploads\/2020\/06\/K\u00e9zzel-sz\u0151tt-egyedi-s\u00e1lak-3.jpg&#8221; title_text=&#8221;K\u00e9zzel-sz\u0151tt-egyedi-s\u00e1lak-3&#8243; show_in_lightbox=&#8221;on&#8221; lightbox_close_color=&#8221;#000000&#8243; _builder_version=&#8221;4.16&#8243; width=&#8221;100%&#8221; max_width=&#8221;100%&#8221; global_colors_info=&#8221;{}&#8221;][\/dsm_perspective_image][dsm_perspective_image src=&#8221;https:\/\/www.etuszovesei.hu\/wp-content\/uploads\/2020\/06\/K\u00e9zzel-sz\u0151tt-egyedi-s\u00e1lak-4.jpg&#8221; title_text=&#8221;K\u00e9zzel-sz\u0151tt-egyedi-s\u00e1lak-4&#8243; show_in_lightbox=&#8221;on&#8221; lightbox_close_color=&#8221;#000000&#8243; _builder_version=&#8221;4.16&#8243; width=&#8221;100%&#8221; max_width=&#8221;100%&#8221; global_colors_info=&#8221;{}&#8221;][\/dsm_perspective_image][dsm_perspective_image src=&#8221;https:\/\/www.etuszovesei.hu\/wp-content\/uploads\/2020\/06\/K\u00e9zzel-sz\u0151tt-egyedi-s\u00e1lak-5.jpg&#8221; title_text=&#8221;K\u00e9zzel-sz\u0151tt-egyedi-s\u00e1lak-5&#8243; show_in_lightbox=&#8221;on&#8221; lightbox_close_color=&#8221;#000000&#8243; _builder_version=&#8221;4.16&#8243; width=&#8221;100%&#8221; max_width=&#8221;100%&#8221; global_colors_info=&#8221;{}&#8221;][\/dsm_perspective_image][dsm_perspective_image src=&#8221;https:\/\/www.etuszovesei.hu\/wp-content\/uploads\/2020\/06\/K\u00e9zzel-sz\u0151tt-egyedi-s\u00e1lak-6.jpg&#8221; title_text=&#8221;K\u00e9zzel-sz\u0151tt-egyedi-s\u00e1lak-6&#8243; show_in_lightbox=&#8221;on&#8221; lightbox_close_color=&#8221;#000000&#8243; _builder_version=&#8221;4.16&#8243; width=&#8221;100%&#8221; max_width=&#8221;100%&#8221; global_colors_info=&#8221;{}&#8221;][\/dsm_perspective_image][dsm_perspective_image src=&#8221;https:\/\/www.etuszovesei.hu\/wp-content\/uploads\/2020\/06\/K\u00e9zzel-sz\u0151tt-egyedi-s\u00e1lak-7.jpg&#8221; title_text=&#8221;K\u00e9zzel-sz\u0151tt-egyedi-s\u00e1lak-7&#8243; show_in_lightbox=&#8221;on&#8221; lightbox_close_color=&#8221;#000000&#8243; _builder_version=&#8221;4.16&#8243; width=&#8221;100%&#8221; max_width=&#8221;100%&#8221; global_colors_info=&#8221;{}&#8221;][\/dsm_perspective_image][dsm_perspective_image src=&#8221;https:\/\/www.etuszovesei.hu\/wp-content\/uploads\/2024\/04\/Etu_szovese-1-of-30.png&#8221; title_text=&#8221;Etu_szovese (1 of 30)&#8221; show_in_lightbox=&#8221;on&#8221; lightbox_close_color=&#8221;#000000&#8243; _builder_version=&#8221;4.24.3&#8243; width=&#8221;100%&#8221; max_width=&#8221;100%&#8221; global_colors_info=&#8221;{}&#8221;][\/dsm_perspective_image][dsm_perspective_image src=&#8221;https:\/\/www.etuszovesei.hu\/wp-content\/uploads\/2024\/04\/Etu_szovese-4-of-30.png&#8221; title_text=&#8221;Etu_szovese (4 of 30)&#8221; show_in_lightbox=&#8221;on&#8221; lightbox_close_color=&#8221;#000000&#8243; _builder_version=&#8221;4.24.3&#8243; width=&#8221;100%&#8221; max_width=&#8221;100%&#8221; hover_enabled=&#8221;0&#8243; global_colors_info=&#8221;{}&#8221; sticky_enabled=&#8221;0&#8243;][\/dsm_perspective_image][dsm_perspective_image src=&#8221;https:\/\/www.etuszovesei.hu\/wp-content\/uploads\/2024\/04\/Etu_szovese-7-of-30.png&#8221; title_text=&#8221;Etu_szovese (7 of 30)&#8221; show_in_lightbox=&#8221;on&#8221; lightbox_close_color=&#8221;#000000&#8243; _builder_version=&#8221;4.24.3&#8243; width=&#8221;100%&#8221; max_width=&#8221;100%&#8221; hover_enabled=&#8221;0&#8243; global_colors_info=&#8221;{}&#8221; sticky_enabled=&#8221;0&#8243;][\/dsm_perspective_image][dsm_perspective_image src=&#8221;https:\/\/www.etuszovesei.hu\/wp-content\/uploads\/2024\/04\/Etu_szovese-10-of-30.png&#8221; title_text=&#8221;Etu_szovese (10 of 30)&#8221; show_in_lightbox=&#8221;on&#8221; lightbox_close_color=&#8221;#000000&#8243; _builder_version=&#8221;4.24.3&#8243; width=&#8221;100%&#8221; max_width=&#8221;100%&#8221; hover_enabled=&#8221;0&#8243; global_colors_info=&#8221;{}&#8221; sticky_enabled=&#8221;0&#8243;][\/dsm_perspective_image][dsm_perspective_image src=&#8221;https:\/\/www.etuszovesei.hu\/wp-content\/uploads\/2024\/04\/Etu_szovese-12-of-30.png&#8221; title_text=&#8221;Etu_szovese (12 of 30)&#8221; show_in_lightbox=&#8221;on&#8221; lightbox_close_color=&#8221;#000000&#8243; _builder_version=&#8221;4.24.3&#8243; width=&#8221;100%&#8221; max_width=&#8221;100%&#8221; hover_enabled=&#8221;0&#8243; global_colors_info=&#8221;{}&#8221; sticky_enabled=&#8221;0&#8243;][\/dsm_perspective_image][dsm_perspective_image src=&#8221;https:\/\/www.etuszovesei.hu\/wp-content\/uploads\/2024\/04\/Etu_szovese-14-of-30.png&#8221; title_text=&#8221;Etu_szovese (14 of 30)&#8221; show_in_lightbox=&#8221;on&#8221; lightbox_close_color=&#8221;#000000&#8243; _builder_version=&#8221;4.24.3&#8243; width=&#8221;100%&#8221; max_width=&#8221;100%&#8221; hover_enabled=&#8221;0&#8243; global_colors_info=&#8221;{}&#8221; sticky_enabled=&#8221;0&#8243;][\/dsm_perspective_image][dsm_perspective_image src=&#8221;https:\/\/www.etuszovesei.hu\/wp-content\/uploads\/2024\/04\/Etu_szovese-18-of-30.png&#8221; title_text=&#8221;Etu_szovese (18 of 30)&#8221; show_in_lightbox=&#8221;on&#8221; lightbox_close_color=&#8221;#000000&#8243; _builder_version=&#8221;4.24.3&#8243; width=&#8221;100%&#8221; max_width=&#8221;100%&#8221; hover_enabled=&#8221;0&#8243; global_colors_info=&#8221;{}&#8221; sticky_enabled=&#8221;0&#8243;][\/dsm_perspective_image][dsm_perspective_image src=&#8221;https:\/\/www.etuszovesei.hu\/wp-content\/uploads\/2024\/04\/Etu_szovese-19-of-30.png&#8221; title_text=&#8221;Etu_szovese (19 of 30)&#8221; show_in_lightbox=&#8221;on&#8221; lightbox_close_color=&#8221;#000000&#8243; _builder_version=&#8221;4.24.3&#8243; width=&#8221;100%&#8221; max_width=&#8221;100%&#8221; hover_enabled=&#8221;0&#8243; global_colors_info=&#8221;{}&#8221; sticky_enabled=&#8221;0&#8243;][\/dsm_perspective_image][dsm_perspective_image src=&#8221;https:\/\/www.etuszovesei.hu\/wp-content\/uploads\/2024\/04\/Etu_szovese-22-of-30.png&#8221; title_text=&#8221;Etu_szovese (22 of 30)&#8221; show_in_lightbox=&#8221;on&#8221; lightbox_close_color=&#8221;#000000&#8243; _builder_version=&#8221;4.24.3&#8243; width=&#8221;100%&#8221; max_width=&#8221;100%&#8221; hover_enabled=&#8221;0&#8243; global_colors_info=&#8221;{}&#8221; sticky_enabled=&#8221;0&#8243;][\/dsm_perspective_image][dsm_perspective_image src=&#8221;https:\/\/www.etuszovesei.hu\/wp-content\/uploads\/2024\/04\/Etu_szovese-25-of-30.png&#8221; title_text=&#8221;Etu_szovese (25 of 30)&#8221; show_in_lightbox=&#8221;on&#8221; lightbox_close_color=&#8221;#000000&#8243; _builder_version=&#8221;4.24.3&#8243; width=&#8221;100%&#8221; max_width=&#8221;100%&#8221; hover_enabled=&#8221;0&#8243; global_colors_info=&#8221;{}&#8221; sticky_enabled=&#8221;0&#8243;][\/dsm_perspective_image][dsm_perspective_image src=&#8221;https:\/\/www.etuszovesei.hu\/wp-content\/uploads\/2024\/04\/Etu_szovese-29-of-30.png&#8221; title_text=&#8221;Etu_szovese (29 of 30)&#8221; show_in_lightbox=&#8221;on&#8221; lightbox_close_color=&#8221;#000000&#8243; _builder_version=&#8221;4.24.3&#8243; width=&#8221;100%&#8221; max_width=&#8221;100%&#8221; hover_enabled=&#8221;0&#8243; global_colors_info=&#8221;{}&#8221; sticky_enabled=&#8221;0&#8243;][\/dsm_perspective_image][\/et_pb_column][et_pb_column type=&#8221;1_3&#8243; _builder_version=&#8221;4.16&#8243; global_colors_info=&#8221;{}&#8221;][dsm_perspective_image src=&#8221;https:\/\/www.etuszovesei.hu\/wp-content\/uploads\/2020\/06\/K\u00e9zzel-sz\u0151tt-egyedi-s\u00e1lak-8.jpg&#8221; title_text=&#8221;K\u00e9zzel-sz\u0151tt-egyedi-s\u00e1lak-8&#8243; show_in_lightbox=&#8221;on&#8221; _builder_version=&#8221;4.16&#8243; width=&#8221;100%&#8221; global_colors_info=&#8221;{}&#8221;][\/dsm_perspective_image][dsm_perspective_image src=&#8221;https:\/\/www.etuszovesei.hu\/wp-content\/uploads\/2020\/06\/K\u00e9zzel-sz\u0151tt-egyedi-s\u00e1lak-9.jpg&#8221; title_text=&#8221;K\u00e9zzel-sz\u0151tt-egyedi-s\u00e1lak-9&#8243; show_in_lightbox=&#8221;on&#8221; _builder_version=&#8221;4.16&#8243; width=&#8221;100%&#8221; global_colors_info=&#8221;{}&#8221;][\/dsm_perspective_image][dsm_perspective_image src=&#8221;https:\/\/www.etuszovesei.hu\/wp-content\/uploads\/2020\/06\/K\u00e9zzel-sz\u0151tt-egyedi-s\u00e1lak-10.jpg&#8221; title_text=&#8221;K\u00e9zzel-sz\u0151tt-egyedi-s\u00e1lak-10&#8243; show_in_lightbox=&#8221;on&#8221; _builder_version=&#8221;4.16&#8243; width=&#8221;100%&#8221; global_colors_info=&#8221;{}&#8221;][\/dsm_perspective_image][dsm_perspective_image src=&#8221;https:\/\/www.etuszovesei.hu\/wp-content\/uploads\/2020\/06\/K\u00e9zzel-sz\u0151tt-egyedi-s\u00e1lak-11.jpg&#8221; title_text=&#8221;K\u00e9zzel-sz\u0151tt-egyedi-s\u00e1lak-11&#8243; show_in_lightbox=&#8221;on&#8221; _builder_version=&#8221;4.16&#8243; width=&#8221;100%&#8221; global_colors_info=&#8221;{}&#8221;][\/dsm_perspective_image][dsm_perspective_image src=&#8221;https:\/\/www.etuszovesei.hu\/wp-content\/uploads\/2020\/06\/K\u00e9zzel-sz\u0151tt-egyedi-s\u00e1lak-12.jpg&#8221; title_text=&#8221;K\u00e9zzel-sz\u0151tt-egyedi-s\u00e1lak-12&#8243; show_in_lightbox=&#8221;on&#8221; _builder_version=&#8221;4.16&#8243; width=&#8221;100%&#8221; global_colors_info=&#8221;{}&#8221;][\/dsm_perspective_image][dsm_perspective_image src=&#8221;https:\/\/www.etuszovesei.hu\/wp-content\/uploads\/2020\/06\/K\u00e9zzel-sz\u0151tt-egyedi-s\u00e1lak-13.jpg&#8221; title_text=&#8221;K\u00e9zzel-sz\u0151tt-egyedi-s\u00e1lak-13&#8243; show_in_lightbox=&#8221;on&#8221; _builder_version=&#8221;4.16&#8243; width=&#8221;100%&#8221; global_colors_info=&#8221;{}&#8221;][\/dsm_perspective_image][dsm_perspective_image src=&#8221;https:\/\/www.etuszovesei.hu\/wp-content\/uploads\/2020\/06\/K\u00e9zzel-sz\u0151tt-egyedi-s\u00e1lak-14.jpg&#8221; title_text=&#8221;K\u00e9zzel-sz\u0151tt-egyedi-s\u00e1lak-14&#8243; show_in_lightbox=&#8221;on&#8221; _builder_version=&#8221;4.16&#8243; width=&#8221;100%&#8221; global_colors_info=&#8221;{}&#8221;][\/dsm_perspective_image][dsm_perspective_image src=&#8221;https:\/\/www.etuszovesei.hu\/wp-content\/uploads\/2024\/04\/Etu_szovese-2-of-30.png&#8221; title_text=&#8221;Etu_szovese (2 of 30)&#8221; show_in_lightbox=&#8221;on&#8221; _builder_version=&#8221;4.24.3&#8243; width=&#8221;100%&#8221; global_colors_info=&#8221;{}&#8221;][\/dsm_perspective_image][dsm_perspective_image src=&#8221;https:\/\/www.etuszovesei.hu\/wp-content\/uploads\/2024\/04\/Etu_szovese-5-of-30.png&#8221; title_text=&#8221;Etu_szovese (5 of 30)&#8221; show_in_lightbox=&#8221;on&#8221; _builder_version=&#8221;4.24.3&#8243; width=&#8221;100%&#8221; hover_enabled=&#8221;0&#8243; global_colors_info=&#8221;{}&#8221; sticky_enabled=&#8221;0&#8243;][\/dsm_perspective_image][dsm_perspective_image src=&#8221;https:\/\/www.etuszovesei.hu\/wp-content\/uploads\/2024\/04\/Etu_szovese-8-of-30.png&#8221; title_text=&#8221;Etu_szovese (8 of 30)&#8221; show_in_lightbox=&#8221;on&#8221; _builder_version=&#8221;4.24.3&#8243; width=&#8221;100%&#8221; hover_enabled=&#8221;0&#8243; global_colors_info=&#8221;{}&#8221; sticky_enabled=&#8221;0&#8243;][\/dsm_perspective_image][dsm_perspective_image src=&#8221;https:\/\/www.etuszovesei.hu\/wp-content\/uploads\/2024\/04\/Etu_szovese-11-of-30.png&#8221; title_text=&#8221;Etu_szovese (11 of 30)&#8221; show_in_lightbox=&#8221;on&#8221; _builder_version=&#8221;4.24.3&#8243; width=&#8221;100%&#8221; hover_enabled=&#8221;0&#8243; global_colors_info=&#8221;{}&#8221; sticky_enabled=&#8221;0&#8243;][\/dsm_perspective_image][dsm_perspective_image src=&#8221;https:\/\/www.etuszovesei.hu\/wp-content\/uploads\/2024\/04\/Etu_szovese-15-of-30.png&#8221; title_text=&#8221;Etu_szovese (15 of 30)&#8221; show_in_lightbox=&#8221;on&#8221; _builder_version=&#8221;4.24.3&#8243; width=&#8221;100%&#8221; hover_enabled=&#8221;0&#8243; global_colors_info=&#8221;{}&#8221; sticky_enabled=&#8221;0&#8243;][\/dsm_perspective_image][dsm_perspective_image src=&#8221;https:\/\/www.etuszovesei.hu\/wp-content\/uploads\/2024\/04\/Etu_szovese-16-of-30.png&#8221; title_text=&#8221;Etu_szovese (16 of 30)&#8221; show_in_lightbox=&#8221;on&#8221; _builder_version=&#8221;4.24.3&#8243; width=&#8221;100%&#8221; hover_enabled=&#8221;0&#8243; global_colors_info=&#8221;{}&#8221; sticky_enabled=&#8221;0&#8243;][\/dsm_perspective_image][dsm_perspective_image src=&#8221;https:\/\/www.etuszovesei.hu\/wp-content\/uploads\/2024\/04\/Etu_szovese-20-of-30.png&#8221; title_text=&#8221;Etu_szovese (20 of 30)&#8221; show_in_lightbox=&#8221;on&#8221; _builder_version=&#8221;4.24.3&#8243; width=&#8221;100%&#8221; hover_enabled=&#8221;0&#8243; global_colors_info=&#8221;{}&#8221; sticky_enabled=&#8221;0&#8243;][\/dsm_perspective_image][dsm_perspective_image src=&#8221;https:\/\/www.etuszovesei.hu\/wp-content\/uploads\/2024\/04\/Etu_szovese-23-of-30.png&#8221; title_text=&#8221;Etu_szovese (23 of 30)&#8221; show_in_lightbox=&#8221;on&#8221; _builder_version=&#8221;4.24.3&#8243; width=&#8221;100%&#8221; hover_enabled=&#8221;0&#8243; global_colors_info=&#8221;{}&#8221; sticky_enabled=&#8221;0&#8243;][\/dsm_perspective_image][dsm_perspective_image src=&#8221;https:\/\/www.etuszovesei.hu\/wp-content\/uploads\/2024\/04\/Etu_szovese-26-of-30.png&#8221; title_text=&#8221;Etu_szovese (26 of 30)&#8221; show_in_lightbox=&#8221;on&#8221; _builder_version=&#8221;4.24.3&#8243; width=&#8221;100%&#8221; hover_enabled=&#8221;0&#8243; global_colors_info=&#8221;{}&#8221; sticky_enabled=&#8221;0&#8243;][\/dsm_perspective_image][dsm_perspective_image src=&#8221;https:\/\/www.etuszovesei.hu\/wp-content\/uploads\/2024\/04\/Etu_szovese-30-of-30.png&#8221; title_text=&#8221;Etu_szovese (30 of 30)&#8221; show_in_lightbox=&#8221;on&#8221; _builder_version=&#8221;4.24.3&#8243; width=&#8221;100%&#8221; hover_enabled=&#8221;0&#8243; global_colors_info=&#8221;{}&#8221; sticky_enabled=&#8221;0&#8243;][\/dsm_perspective_image][\/et_pb_column][et_pb_column type=&#8221;1_3&#8243; _builder_version=&#8221;4.16&#8243; global_colors_info=&#8221;{}&#8221;][dsm_perspective_image src=&#8221;https:\/\/www.etuszovesei.hu\/wp-content\/uploads\/2020\/06\/K\u00e9zzel-sz\u0151tt-egyedi-s\u00e1lak-15.jpg&#8221; title_text=&#8221;K\u00e9zzel-sz\u0151tt-egyedi-s\u00e1lak-15&#8243; show_in_lightbox=&#8221;on&#8221; _builder_version=&#8221;4.16&#8243; global_colors_info=&#8221;{}&#8221;][\/dsm_perspective_image][dsm_perspective_image src=&#8221;https:\/\/www.etuszovesei.hu\/wp-content\/uploads\/2020\/06\/K\u00e9zzel-sz\u0151tt-egyedi-s\u00e1lak-16.jpg&#8221; title_text=&#8221;K\u00e9zzel-sz\u0151tt-egyedi-s\u00e1lak-16&#8243; show_in_lightbox=&#8221;on&#8221; _builder_version=&#8221;4.16&#8243; global_colors_info=&#8221;{}&#8221;][\/dsm_perspective_image][dsm_perspective_image src=&#8221;https:\/\/www.etuszovesei.hu\/wp-content\/uploads\/2020\/06\/K\u00e9zzel-sz\u0151tt-egyedi-s\u00e1lak-17.jpg&#8221; title_text=&#8221;K\u00e9zzel-sz\u0151tt-egyedi-s\u00e1lak-17&#8243; show_in_lightbox=&#8221;on&#8221; _builder_version=&#8221;4.16&#8243; global_colors_info=&#8221;{}&#8221;][\/dsm_perspective_image][dsm_perspective_image src=&#8221;https:\/\/www.etuszovesei.hu\/wp-content\/uploads\/2020\/06\/K\u00e9zzel-sz\u0151tt-egyedi-s\u00e1lak-18.jpg&#8221; title_text=&#8221;K\u00e9zzel-sz\u0151tt-egyedi-s\u00e1lak-18&#8243; show_in_lightbox=&#8221;on&#8221; _builder_version=&#8221;4.16&#8243; global_colors_info=&#8221;{}&#8221;][\/dsm_perspective_image][dsm_perspective_image src=&#8221;https:\/\/www.etuszovesei.hu\/wp-content\/uploads\/2020\/06\/K\u00e9zzel-sz\u0151tt-egyedi-s\u00e1lak-19.jpg&#8221; title_text=&#8221;K\u00e9zzel-sz\u0151tt-egyedi-s\u00e1lak-19&#8243; show_in_lightbox=&#8221;on&#8221; _builder_version=&#8221;4.16&#8243; global_colors_info=&#8221;{}&#8221;][\/dsm_perspective_image][dsm_perspective_image src=&#8221;https:\/\/www.etuszovesei.hu\/wp-content\/uploads\/2020\/06\/K\u00e9zzel-sz\u0151tt-egyedi-s\u00e1lak-20.jpg&#8221; title_text=&#8221;K\u00e9zzel-sz\u0151tt-egyedi-s\u00e1lak-20&#8243; show_in_lightbox=&#8221;on&#8221; _builder_version=&#8221;4.16&#8243; global_colors_info=&#8221;{}&#8221;][\/dsm_perspective_image][dsm_perspective_image src=&#8221;https:\/\/www.etuszovesei.hu\/wp-content\/uploads\/2024\/04\/Etu_szovese-3-of-30.png&#8221; title_text=&#8221;Etu_szovese (3 of 30)&#8221; show_in_lightbox=&#8221;on&#8221; _builder_version=&#8221;4.24.3&#8243; global_colors_info=&#8221;{}&#8221;][\/dsm_perspective_image][dsm_perspective_image src=&#8221;https:\/\/www.etuszovesei.hu\/wp-content\/uploads\/2024\/04\/Etu_szovese-6-of-30.png&#8221; title_text=&#8221;Etu_szovese (6 of 30)&#8221; show_in_lightbox=&#8221;on&#8221; _builder_version=&#8221;4.24.3&#8243; hover_enabled=&#8221;0&#8243; global_colors_info=&#8221;{}&#8221; sticky_enabled=&#8221;0&#8243;][\/dsm_perspective_image][dsm_perspective_image src=&#8221;https:\/\/www.etuszovesei.hu\/wp-content\/uploads\/2024\/04\/Etu_szovese-9-of-30.png&#8221; title_text=&#8221;Etu_szovese (9 of 30)&#8221; show_in_lightbox=&#8221;on&#8221; _builder_version=&#8221;4.24.3&#8243; hover_enabled=&#8221;0&#8243; global_colors_info=&#8221;{}&#8221; sticky_enabled=&#8221;0&#8243;][\/dsm_perspective_image][dsm_perspective_image src=&#8221;https:\/\/www.etuszovesei.hu\/wp-content\/uploads\/2024\/04\/Etu_szovese-13-of-30.png&#8221; title_text=&#8221;Etu_szovese (13 of 30)&#8221; show_in_lightbox=&#8221;on&#8221; _builder_version=&#8221;4.24.3&#8243; hover_enabled=&#8221;0&#8243; global_colors_info=&#8221;{}&#8221; sticky_enabled=&#8221;0&#8243;][\/dsm_perspective_image][dsm_perspective_image src=&#8221;https:\/\/www.etuszovesei.hu\/wp-content\/uploads\/2024\/04\/Etu_szovese-17-of-30.png&#8221; title_text=&#8221;Etu_szovese (17 of 30)&#8221; show_in_lightbox=&#8221;on&#8221; _builder_version=&#8221;4.24.3&#8243; hover_enabled=&#8221;0&#8243; global_colors_info=&#8221;{}&#8221; sticky_enabled=&#8221;0&#8243;][\/dsm_perspective_image][dsm_perspective_image src=&#8221;https:\/\/www.etuszovesei.hu\/wp-content\/uploads\/2024\/04\/Etu_szovese-21-of-30.png&#8221; title_text=&#8221;Etu_szovese (21 of 30)&#8221; show_in_lightbox=&#8221;on&#8221; _builder_version=&#8221;4.24.3&#8243; hover_enabled=&#8221;0&#8243; global_colors_info=&#8221;{}&#8221; sticky_enabled=&#8221;0&#8243;][\/dsm_perspective_image][dsm_perspective_image src=&#8221;https:\/\/www.etuszovesei.hu\/wp-content\/uploads\/2024\/04\/Etu_szovese-24-of-30.png&#8221; title_text=&#8221;Etu_szovese (24 of 30)&#8221; show_in_lightbox=&#8221;on&#8221; _builder_version=&#8221;4.24.3&#8243; hover_enabled=&#8221;0&#8243; global_colors_info=&#8221;{}&#8221; sticky_enabled=&#8221;0&#8243;][\/dsm_perspective_image][dsm_perspective_image src=&#8221;https:\/\/www.etuszovesei.hu\/wp-content\/uploads\/2024\/04\/Etu_szovese-27-of-30.png&#8221; title_text=&#8221;Etu_szovese (27 of 30)&#8221; show_in_lightbox=&#8221;on&#8221; _builder_version=&#8221;4.24.3&#8243; hover_enabled=&#8221;0&#8243; global_colors_info=&#8221;{}&#8221; sticky_enabled=&#8221;0&#8243;][\/dsm_perspective_image][dsm_perspective_image src=&#8221;https:\/\/www.etuszovesei.hu\/wp-content\/uploads\/2024\/04\/Etu_szovese-28-of-30.png&#8221; title_text=&#8221;Etu_szovese (28 of 30)&#8221; show_in_lightbox=&#8221;on&#8221; _builder_version=&#8221;4.24.3&#8243; hover_enabled=&#8221;0&#8243; global_colors_info=&#8221;{}&#8221; sticky_enabled=&#8221;0&#8243;][\/dsm_perspective_image][\/et_pb_column][\/et_pb_row][et_pb_row _builder_version=&#8221;4.16&#8243; global_colors_info=&#8221;{}&#8221;][et_pb_column type=&#8221;4_4&#8243; _builder_version=&#8221;4.16&#8243; global_colors_info=&#8221;{}&#8221;][dsm_button button_one_text=&#8221;Szeretn\u00e9k rendelni&#8221; button_one_url=&#8221;https:\/\/www.etuszovesei.hu\/kapcsolat-megrendeles\/&#8221; button_two_text=&#8221;Kezd\u0151lap&#8221; button_two_url=&#8221;https:\/\/www.etuszovesei.hu\/&#8221; button_alignment=&#8221;center&#8221; _builder_version=&#8221;4.19.4&#8243; custom_button_one=&#8221;on&#8221; button_one_text_size=&#8221;23px&#8221; button_one_text_color=&#8221;#e09900&#8243; button_one_bg_color=&#8221;rgba(0,0,0,0)&#8221; button_one_font=&#8221;Poppins||||||||&#8221; custom_button_two=&#8221;on&#8221; button_two_text_size=&#8221;23px&#8221; button_two_text_color=&#8221;#e09900&#8243; button_two_font=&#8221;Poppins||||||||&#8221; global_colors_info=&#8221;{}&#8221;][\/dsm_button][\/et_pb_column][\/et_pb_row][\/et_pb_section]<\/p>","protected":false},"excerpt":{"rendered":"<p>[et_pb_section fb_built=&#8221;1&#8243; _builder_version=&#8221;4.16&#8243; background_color=&#8221;#000000&#8243; use_background_color_gradient=&#8221;on&#8221; background_color_gradient_direction=&#8221;107deg&#8221; background_color_gradient_stops=&#8221;#000000 29%|rgba(209,148,5,0.49) 100%&#8221; background_color_gradient_start=&#8221;#000000&#8243; background_color_gradient_start_position=&#8221;29%&#8221; background_color_gradient_end=&#8221;rgba(209,148,5,0.49)&#8221; global_colors_info=&#8221;{}&#8221;][et_pb_row _builder_version=&#8221;4.16&#8243; global_colors_info=&#8221;{}&#8221;][et_pb_column type=&#8221;4_4&#8243; _builder_version=&#8221;4.16&#8243; global_colors_info=&#8221;{}&#8221;][et_pb_text _builder_version=&#8221;4.19.4&#8243; text_font=&#8221;Poppins|500|||||||&#8221; text_text_color=&#8221;#e09900&#8243; text_font_size=&#8221;3rem&#8221; text_orientation=&#8221;center&#8221; global_colors_info=&#8221;{}&#8221;] Portf\u00f3li\u00f3 [\/et_pb_text][\/et_pb_column][\/et_pb_row][et_pb_row column_structure=&#8221;1_3,1_3,1_3&#8243; use_custom_gutter=&#8221;on&#8221; gutter_width=&#8221;2&#8243; make_equal=&#8221;on&#8221; _builder_version=&#8221;4.16&#8243; max_width=&#8221;80%&#8221; global_colors_info=&#8221;{}&#8221;][et_pb_column type=&#8221;1_3&#8243; _builder_version=&#8221;4.16&#8243; global_colors_info=&#8221;{}&#8221;][dsm_perspective_image src=&#8221;https:\/\/www.etuszovesei.hu\/wp-content\/uploads\/2020\/06\/K\u00e9zzel-sz\u0151tt-egyedi-s\u00e1lak-1.jpg&#8221; title_text=&#8221;K\u00e9zzel-sz\u0151tt-egyedi-s\u00e1lak-1&#8243; show_in_lightbox=&#8221;on&#8221; lightbox_close_color=&#8221;#000000&#8243; _builder_version=&#8221;4.16&#8243; width=&#8221;100%&#8221; max_width=&#8221;100%&#8221; global_colors_info=&#8221;{}&#8221;][\/dsm_perspective_image][dsm_perspective_image src=&#8221;https:\/\/www.etuszovesei.hu\/wp-content\/uploads\/2020\/06\/K\u00e9zzel-sz\u0151tt-egyedi-s\u00e1lak-2.jpg&#8221; title_text=&#8221;K\u00e9zzel-sz\u0151tt-egyedi-s\u00e1lak-2&#8243; show_in_lightbox=&#8221;on&#8221; lightbox_close_color=&#8221;#000000&#8243; _builder_version=&#8221;4.16&#8243; width=&#8221;100%&#8221; max_width=&#8221;100%&#8221; global_colors_info=&#8221;{}&#8221;][\/dsm_perspective_image][dsm_perspective_image src=&#8221;https:\/\/www.etuszovesei.hu\/wp-content\/uploads\/2020\/06\/K\u00e9zzel-sz\u0151tt-egyedi-s\u00e1lak-3.jpg&#8221; title_text=&#8221;K\u00e9zzel-sz\u0151tt-egyedi-s\u00e1lak-3&#8243; show_in_lightbox=&#8221;on&#8221; [&hellip;]<\/p>","protected":false},"author":1,"featured_media":0,"parent":0,"menu_order":0,"comment_status":"closed","ping_status":"closed","template":"","meta":{"footnotes":""},"class_list":["post-71","page","type-page","status-publish","hentry"],"_links":{"self":[{"href":"https:\/\/www.etuszovesei.hu\/en\/wp-json\/wp\/v2\/pages\/71","targetHints":{"allow":["GET"]}}],"collection":[{"href":"https:\/\/www.etuszovesei.hu\/en\/wp-json\/wp\/v2\/pages"}],"about":[{"href":"https:\/\/www.etuszovesei.hu\/en\/wp-json\/wp\/v2\/types\/page"}],"author":[{"embeddable":true,"href":"https:\/\/www.etuszovesei.hu\/en\/wp-json\/wp\/v2\/users\/1"}],"replies":[{"embeddable":true,"href":"https:\/\/www.etuszovesei.hu\/en\/wp-json\/wp\/v2\/comments?post=71"}],"version-history":[{"count":8,"href":"https:\/\/www.etuszovesei.hu\/en\/wp-json\/wp\/v2\/pages\/71\/revisions"}],"predecessor-version":[{"id":464,"href":"https:\/\/www.etuszovesei.hu\/en\/wp-json\/wp\/v2\/pages\/71\/revisions\/464"}],"wp:attachment":[{"href":"https:\/\/www.etuszovesei.hu\/en\/wp-json\/wp\/v2\/media?parent=71"}],"curies":[{"name":"wp","href":"https:\/\/api.w.org\/{rel}","templated":true}]}}